{"id":1334,"date":"2025-09-24T17:01:43","date_gmt":"2025-09-24T20:01:43","guid":{"rendered":"https:\/\/yanai.com.ar\/?post_type=product&#038;p=1334"},"modified":"2025-11-25T18:21:07","modified_gmt":"2025-11-25T21:21:07","slug":"piel-radiante","status":"publish","type":"product","link":"https:\/\/yanai.com.ar\/?product=piel-radiante","title":{"rendered":"Piel Radiante"},"content":{"rendered":"<article class=\"text-token-text-primary w-full focus:outline-none scroll-mt-(--header-height)\" dir=\"auto\" tabindex=\"-1\" data-turn-id=\"c9493bbc-3ecd-4a88-ab4b-80a1e6e636c1\" data-testid=\"conversation-turn-9\" data-scroll-anchor=\"false\" data-turn=\"user\">\n<div class=\"text-base my-auto mx-auto pt-12 [--thread-content-margin:--spacing(4)] thread-sm:[--thread-content-margin:--spacing(6)] thread-lg:[--thread-content-margin:--spacing(16)] px-(--thread-content-margin)\">\n<div class=\"[--thread-content-max-width:40rem] thread-lg:[--thread-content-max-width:48rem] mx-auto max-w-(--thread-content-max-width) flex-1 group\/turn-messages focus-visible:outline-hidden relative flex w-full min-w-0 flex-col\" tabindex=\"-1\">\n<div class=\"flex max-w-full flex-col grow\">\n<div class=\"min-h-8 text-message relative flex w-full flex-col items-end gap-2 text-start break-words whitespace-normal [.text-message+&amp;]:mt-5\" dir=\"auto\" data-message-author-role=\"user\" data-message-id=\"c9493bbc-3ecd-4a88-ab4b-80a1e6e636c1\">\n<div class=\"flex w-full flex-col gap-1 empty:hidden items-end rtl:items-start\">\n<div class=\"user-message-bubble-color relative rounded-[18px] px-4 py-1.5 data-[multiline]:py-3 max-w-[var(--user-chat-width,70%)]\" data-multiline=\"\">\n<div class=\"whitespace-pre-wrap\">Esta mezcla combina tremella, el hongo que ayuda a mantener la piel hidratada y flexible; chaga, un potente antioxidante que combate el envejecimiento prematuro y protege contra el da\u00f1o ambiental; y ashwagandha, que ayuda a reducir el estr\u00e9s y favorece la reparaci\u00f3n celular. Juntos, trabajan para que tu piel luzca m\u00e1s radiante, sana y joven desde adentro hacia afuera. Ideal para quienes buscan revitalizar su piel y cuidar su belleza de forma natural.<\/div>\n<div><\/div>\n<div class=\"whitespace-pre-wrap\"><strong>Beneficios principales:<\/strong><\/div>\n<ul>\n<li class=\"whitespace-pre-wrap\">Hidrataci\u00f3n profunda y elasticidad: gracias a la Tremella, conocida como \u201cel hongo de la belleza\u201d, rica en \u00e1cido hialur\u00f3nico natural. Acci\u00f3n antioxidante contra el envejecimiento prematuro: combate los radicales libres y protege el col\u00e1geno.<\/li>\n<li class=\"whitespace-pre-wrap\">Apoyo al sistema inmunol\u00f3gico: fortalece las defensas y ayuda al equilibrio interno.<\/li>\n<li class=\"whitespace-pre-wrap\">Bienestar integral: un complemento ideal para quienes buscan una rutina de cuidado est\u00e9tico saludable y natural.<\/li>\n<\/ul>\n<\/div>\n<\/div>\n<\/div>\n<\/div>\n<div class=\"z-0 flex justify-end\"><\/div>\n<\/div>\n<\/div>\n<\/article>\n<article class=\"text-token-text-primary w-full focus:outline-none scroll-mt-[calc(var(--header-height)+min(200px,max(70px,20svh)))]\" dir=\"auto\" tabindex=\"-1\" data-turn-id=\"request-68d69e31-dbe8-8328-8d2f-ca7e236b9b70-10\" data-testid=\"conversation-turn-10\" data-scroll-anchor=\"true\" data-turn=\"assistant\">\n<h6 class=\"sr-only\"><\/h6>\n<\/article>\n","protected":false},"excerpt":{"rendered":"<p>Esta mezcla combina tremella, el hongo que ayuda a mantener la piel hidratada y flexible; chaga, un potente antioxidante que combate el envejecimiento prematuro y protege contra el da\u00f1o ambiental; y ashwagandha, que ayuda a reducir el estr\u00e9s y favorece la reparaci\u00f3n celular. Juntos, trabajan para que tu piel luzca m\u00e1s radiante, sana y joven [&hellip;]<\/p>\n","protected":false},"featured_media":1335,"comment_status":"open","ping_status":"closed","template":"","meta":{"_acf_changed":false},"product_brand":[],"product_cat":[27],"product_tag":[],"class_list":{"0":"post-1334","1":"product","2":"type-product","3":"status-publish","4":"has-post-thumbnail","6":"product_cat-antienvejecimiento-y-belleza","7":"product_shipping_class-clasica-individual","9":"first","10":"instock","11":"taxable","12":"shipping-taxable","13":"purchasable","14":"product-type-simple"},"acf":[],"_links":{"self":[{"href":"https:\/\/yanai.com.ar\/index.php?rest_route=\/wp\/v2\/product\/1334","targetHints":{"allow":["GET"]}}],"collection":[{"href":"https:\/\/yanai.com.ar\/index.php?rest_route=\/wp\/v2\/product"}],"about":[{"href":"https:\/\/yanai.com.ar\/index.php?rest_route=\/wp\/v2\/types\/product"}],"replies":[{"embeddable":true,"href":"https:\/\/yanai.com.ar\/index.php?rest_route=%2Fwp%2Fv2%2Fcomments&post=1334"}],"wp:featuredmedia":[{"embeddable":true,"href":"https:\/\/yanai.com.ar\/index.php?rest_route=\/wp\/v2\/media\/1335"}],"wp:attachment":[{"href":"https:\/\/yanai.com.ar\/index.php?rest_route=%2Fwp%2Fv2%2Fmedia&parent=1334"}],"wp:term":[{"taxonomy":"product_brand","embeddable":true,"href":"https:\/\/yanai.com.ar\/index.php?rest_route=%2Fwp%2Fv2%2Fproduct_brand&post=1334"},{"taxonomy":"product_cat","embeddable":true,"href":"https:\/\/yanai.com.ar\/index.php?rest_route=%2Fwp%2Fv2%2Fproduct_cat&post=1334"},{"taxonomy":"product_tag","embeddable":true,"href":"https:\/\/yanai.com.ar\/index.php?rest_route=%2Fwp%2Fv2%2Fproduct_tag&post=1334"}],"curies":[{"name":"wp","href":"https:\/\/api.w.org\/{rel}","templated":true}]}}