{"id":1325,"date":"2025-09-24T16:35:30","date_gmt":"2025-09-24T19:35:30","guid":{"rendered":"https:\/\/yanai.com.ar\/?post_type=product&#038;p=1325"},"modified":"2025-11-25T18:41:34","modified_gmt":"2025-11-25T21:41:34","slug":"cordyceps","status":"publish","type":"product","link":"https:\/\/yanai.com.ar\/?product=cordyceps","title":{"rendered":"Cordyceps"},"content":{"rendered":"<p data-start=\"1555\" data-end=\"1735\">Hongo adapt\u00f3geno conocido por aumentar la energ\u00eda celular y la resistencia f\u00edsica. Contiene cordycepina, adenosina y polisac\u00e1ridos.<\/p>\n<p data-start=\"1555\" data-end=\"1735\"><strong data-start=\"1706\" data-end=\"1733\">Beneficios principales:<\/strong><\/p>\n<ul data-start=\"1736\" data-end=\"2154\">\n<li data-start=\"1736\" data-end=\"1777\">\n<p data-start=\"1738\" data-end=\"1777\">Aumenta energ\u00eda y rendimiento f\u00edsico.<\/p>\n<\/li>\n<li data-start=\"1778\" data-end=\"1813\">\n<p data-start=\"1780\" data-end=\"1813\">Mejora la funci\u00f3n respiratoria.<\/p>\n<\/li>\n<li data-start=\"1814\" data-end=\"1845\">\n<p data-start=\"1816\" data-end=\"1845\">Refuerza el sistema inmune.<\/p>\n<\/li>\n<li data-start=\"1846\" data-end=\"1882\">\n<p data-start=\"1848\" data-end=\"1882\">Antioxidante y antiinflamatorio.<\/p>\n<\/li>\n<li data-start=\"1883\" data-end=\"1943\">\n<p data-start=\"1885\" data-end=\"1943\">Favorece el metabolismo y la sensibilidad a la insulina.<\/p>\n<\/li>\n<li data-start=\"1944\" data-end=\"1988\">\n<p data-start=\"1946\" data-end=\"1988\">Aumenta la libido y la vitalidad sexual.<\/p>\n<\/li>\n<li data-start=\"1989\" data-end=\"2154\">\n<p data-start=\"1991\" data-end=\"2154\">Efecto protector en h\u00edgado y ri\u00f1ones.<\/p>\n<\/li>\n<\/ul>\n<p data-start=\"1991\" data-end=\"2154\"><br data-start=\"2028\" data-end=\"2031\" \/><strong data-start=\"2031\" data-end=\"2060\">Dosificaci\u00f3n recomendada:<\/strong><\/p>\n<ul>\n<li data-start=\"1991\" data-end=\"2154\">30 a 60 gotas diarias diluidas en agua (ma\u00f1ana y antes de entrenar). Conservar en heladera.<\/li>\n<\/ul>\n","protected":false},"excerpt":{"rendered":"<p>Hongo adapt\u00f3geno conocido por aumentar la energ\u00eda celular y la resistencia f\u00edsica. Contiene cordycepina, adenosina y polisac\u00e1ridos. Beneficios principales: Aumenta energ\u00eda y rendimiento f\u00edsico. Mejora la funci\u00f3n respiratoria. Refuerza el sistema inmune. Antioxidante y antiinflamatorio. Favorece el metabolismo y la sensibilidad a la insulina. Aumenta la libido y la vitalidad sexual. Efecto protector en h\u00edgado [&hellip;]<\/p>\n","protected":false},"featured_media":1326,"comment_status":"open","ping_status":"closed","template":"","meta":{"_acf_changed":false},"product_brand":[],"product_cat":[25],"product_tag":[],"class_list":{"0":"post-1325","1":"product","2":"type-product","3":"status-publish","4":"has-post-thumbnail","6":"product_cat-energia-y-rendimiento-fisico","7":"product_shipping_class-clasica-individual","9":"first","10":"instock","11":"taxable","12":"shipping-taxable","13":"purchasable","14":"product-type-simple"},"acf":[],"_links":{"self":[{"href":"https:\/\/yanai.com.ar\/index.php?rest_route=\/wp\/v2\/product\/1325","targetHints":{"allow":["GET"]}}],"collection":[{"href":"https:\/\/yanai.com.ar\/index.php?rest_route=\/wp\/v2\/product"}],"about":[{"href":"https:\/\/yanai.com.ar\/index.php?rest_route=\/wp\/v2\/types\/product"}],"replies":[{"embeddable":true,"href":"https:\/\/yanai.com.ar\/index.php?rest_route=%2Fwp%2Fv2%2Fcomments&post=1325"}],"wp:featuredmedia":[{"embeddable":true,"href":"https:\/\/yanai.com.ar\/index.php?rest_route=\/wp\/v2\/media\/1326"}],"wp:attachment":[{"href":"https:\/\/yanai.com.ar\/index.php?rest_route=%2Fwp%2Fv2%2Fmedia&parent=1325"}],"wp:term":[{"taxonomy":"product_brand","embeddable":true,"href":"https:\/\/yanai.com.ar\/index.php?rest_route=%2Fwp%2Fv2%2Fproduct_brand&post=1325"},{"taxonomy":"product_cat","embeddable":true,"href":"https:\/\/yanai.com.ar\/index.php?rest_route=%2Fwp%2Fv2%2Fproduct_cat&post=1325"},{"taxonomy":"product_tag","embeddable":true,"href":"https:\/\/yanai.com.ar\/index.php?rest_route=%2Fwp%2Fv2%2Fproduct_tag&post=1325"}],"curies":[{"name":"wp","href":"https:\/\/api.w.org\/{rel}","templated":true}]}}