{"id":1323,"date":"2025-09-24T16:34:03","date_gmt":"2025-09-24T19:34:03","guid":{"rendered":"https:\/\/yanai.com.ar\/?post_type=product&#038;p=1323"},"modified":"2025-11-25T18:42:51","modified_gmt":"2025-11-25T21:42:51","slug":"ashwagandha","status":"publish","type":"product","link":"https:\/\/yanai.com.ar\/?product=ashwagandha","title":{"rendered":"Ashwagandha"},"content":{"rendered":"<p data-start=\"2207\" data-end=\"2380\">Planta adapt\u00f3gena usada en Ayurveda, rica en withan\u00f3lidos, ayuda a modular el cortisol y mejorar el equilibrio mente-cuerpo.<\/p>\n<p data-start=\"2207\" data-end=\"2380\"><strong data-start=\"2351\" data-end=\"2378\">Beneficios principales:<\/strong><\/p>\n<ul data-start=\"2381\" data-end=\"2803\">\n<li data-start=\"2381\" data-end=\"2410\">\n<p data-start=\"2383\" data-end=\"2410\">Reduce estr\u00e9s y ansiedad.<\/p>\n<\/li>\n<li data-start=\"2411\" data-end=\"2443\">\n<p data-start=\"2413\" data-end=\"2443\">Mejora la calidad del sue\u00f1o.<\/p>\n<\/li>\n<li data-start=\"2444\" data-end=\"2486\">\n<p data-start=\"2446\" data-end=\"2486\">Aumenta energ\u00eda y recuperaci\u00f3n f\u00edsica.<\/p>\n<\/li>\n<li data-start=\"2487\" data-end=\"2531\">\n<p data-start=\"2489\" data-end=\"2531\">Potente antiinflamatorio y antioxidante.<\/p>\n<\/li>\n<li data-start=\"2532\" data-end=\"2610\">\n<p data-start=\"2534\" data-end=\"2610\">Regula el sistema inmune y el metabolismo.<\/p>\n<\/li>\n<\/ul>\n<p data-start=\"2534\" data-end=\"2610\"><strong data-start=\"2579\" data-end=\"2608\">Dosificaci\u00f3n recomendada:<\/strong><\/p>\n<ul data-start=\"2381\" data-end=\"2803\">\n<li data-start=\"2611\" data-end=\"2648\">\n<p data-start=\"2613\" data-end=\"2648\">Energ\u00eda: 30 gotas ma\u00f1ana y tarde.<\/p>\n<\/li>\n<li data-start=\"2649\" data-end=\"2680\">\n<p data-start=\"2651\" data-end=\"2680\">Sue\u00f1o: 40 gotas a la noche.<\/p>\n<\/li>\n<li data-start=\"2681\" data-end=\"2803\">\n<p data-start=\"2683\" data-end=\"2803\">Estr\u00e9s: 30 gotas ma\u00f1ana y 30 gotas noche.<br data-start=\"2724\" data-end=\"2727\" \/>Consumir con alimentos grasos para mejor absorci\u00f3n. Conservar en heladera.<\/p>\n<\/li>\n<\/ul>\n","protected":false},"excerpt":{"rendered":"<p>Planta adapt\u00f3gena usada en Ayurveda, rica en withan\u00f3lidos, ayuda a modular el cortisol y mejorar el equilibrio mente-cuerpo. Beneficios principales: Reduce estr\u00e9s y ansiedad. Mejora la calidad del sue\u00f1o. Aumenta energ\u00eda y recuperaci\u00f3n f\u00edsica. Potente antiinflamatorio y antioxidante. Regula el sistema inmune y el metabolismo. Dosificaci\u00f3n recomendada: Energ\u00eda: 30 gotas ma\u00f1ana y tarde. Sue\u00f1o: 40 [&hellip;]<\/p>\n","protected":false},"featured_media":1324,"comment_status":"open","ping_status":"closed","template":"","meta":{"_acf_changed":false},"product_brand":[],"product_cat":[24,28,29],"product_tag":[],"class_list":{"0":"post-1323","1":"product","2":"type-product","3":"status-publish","4":"has-post-thumbnail","6":"product_cat-salud-mental-y-cognitiva","7":"product_cat-alud-digestiva-y-metabolica","8":"product_cat-adaptogenos-y-equilibrio-general","9":"product_shipping_class-clasica-individual","11":"first","12":"instock","13":"taxable","14":"shipping-taxable","15":"purchasable","16":"product-type-simple"},"acf":[],"_links":{"self":[{"href":"https:\/\/yanai.com.ar\/index.php?rest_route=\/wp\/v2\/product\/1323","targetHints":{"allow":["GET"]}}],"collection":[{"href":"https:\/\/yanai.com.ar\/index.php?rest_route=\/wp\/v2\/product"}],"about":[{"href":"https:\/\/yanai.com.ar\/index.php?rest_route=\/wp\/v2\/types\/product"}],"replies":[{"embeddable":true,"href":"https:\/\/yanai.com.ar\/index.php?rest_route=%2Fwp%2Fv2%2Fcomments&post=1323"}],"wp:featuredmedia":[{"embeddable":true,"href":"https:\/\/yanai.com.ar\/index.php?rest_route=\/wp\/v2\/media\/1324"}],"wp:attachment":[{"href":"https:\/\/yanai.com.ar\/index.php?rest_route=%2Fwp%2Fv2%2Fmedia&parent=1323"}],"wp:term":[{"taxonomy":"product_brand","embeddable":true,"href":"https:\/\/yanai.com.ar\/index.php?rest_route=%2Fwp%2Fv2%2Fproduct_brand&post=1323"},{"taxonomy":"product_cat","embeddable":true,"href":"https:\/\/yanai.com.ar\/index.php?rest_route=%2Fwp%2Fv2%2Fproduct_cat&post=1323"},{"taxonomy":"product_tag","embeddable":true,"href":"https:\/\/yanai.com.ar\/index.php?rest_route=%2Fwp%2Fv2%2Fproduct_tag&post=1323"}],"curies":[{"name":"wp","href":"https:\/\/api.w.org\/{rel}","templated":true}]}}