{"id":1289,"date":"2025-09-24T13:44:41","date_gmt":"2025-09-24T16:44:41","guid":{"rendered":"https:\/\/yanai.com.ar\/newsite\/?post_type=product&#038;p=1289"},"modified":"2025-11-25T18:43:40","modified_gmt":"2025-11-25T21:43:40","slug":"chaga","status":"publish","type":"product","link":"https:\/\/yanai.com.ar\/?product=chaga","title":{"rendered":"Chaga"},"content":{"rendered":"<p data-start=\"97\" data-end=\"389\">El Chaga es un hongo que crece principalmente en los abedules de climas fr\u00edos, como Rusia, Canad\u00e1 y el norte de Europa. No tiene la t\u00edpica forma de hongo \u201ccon sombrero\u201d; m\u00e1s bien parece un trozo de carb\u00f3n negro rugoso en el tronco de los \u00e1rboles, con un interior naranja.<\/p>\n<p data-start=\"391\" data-end=\"420\"><strong data-start=\"391\" data-end=\"420\">Propiedades y beneficios:<\/strong><\/p>\n<ul data-start=\"421\" data-end=\"856\">\n<li data-start=\"421\" data-end=\"504\">\n<p data-start=\"423\" data-end=\"504\"><strong data-start=\"423\" data-end=\"448\">Antioxidante potente:<\/strong> ayuda a combatir el da\u00f1o celular y el envejecimiento.<\/p>\n<\/li>\n<li data-start=\"505\" data-end=\"594\">\n<p data-start=\"507\" data-end=\"594\"><strong data-start=\"507\" data-end=\"541\">Apoyo al sistema inmunol\u00f3gico:<\/strong> puede estimular las defensas naturales del cuerpo.<\/p>\n<\/li>\n<li data-start=\"595\" data-end=\"675\">\n<p data-start=\"597\" data-end=\"675\"><strong data-start=\"597\" data-end=\"631\">Propiedades antiinflamatorias:<\/strong> \u00fatil para reducir inflamaciones cr\u00f3nicas.<\/p>\n<\/li>\n<li data-start=\"676\" data-end=\"752\">\n<p data-start=\"678\" data-end=\"752\"><strong data-start=\"678\" data-end=\"698\">Salud digestiva:<\/strong> ayuda a mejorar la digesti\u00f3n y la flora intestinal.<\/p>\n<\/li>\n<li data-start=\"753\" data-end=\"856\">\n<p data-start=\"755\" data-end=\"856\"><strong data-start=\"755\" data-end=\"787\">Energ\u00eda y bienestar general:<\/strong> se consume en forma de t\u00e9 o extracto para sentirse m\u00e1s vitalizado.<\/p>\n<\/li>\n<\/ul>\n<p data-start=\"858\" data-end=\"880\"><strong data-start=\"858\" data-end=\"878\">C\u00f3mo se consume:<\/strong><\/p>\n<ul data-start=\"881\" data-end=\"1064\">\n<li data-start=\"881\" data-end=\"984\">\n<p data-start=\"883\" data-end=\"984\"><strong data-start=\"883\" data-end=\"901\">T\u00e9 o infusi\u00f3n:<\/strong> trozos secos de Chaga hervidos durante varias horas para extraer sus nutrientes.<\/p>\n<\/li>\n<li data-start=\"985\" data-end=\"1064\">\n<p data-start=\"987\" data-end=\"1064\"><strong data-start=\"987\" data-end=\"1008\">Extracto l\u00edquido:<\/strong> concentrado que se puede agregar a bebidas o comidas.<\/p>\n<\/li>\n<\/ul>\n<p data-start=\"1066\" data-end=\"1248\"><strong data-start=\"1066\" data-end=\"1083\">Dato curioso:<\/strong><br data-start=\"1083\" data-end=\"1086\" \/>Aunque se ve \u201c\u00e1spero\u201d y feo por fuera, dentro es rico en betulina y otros compuestos bioactivos. Se considera un \u201csuperhongo\u201d en medicina tradicional y moderna.<\/p>\n","protected":false},"excerpt":{"rendered":"<p>El Chaga es un hongo que crece principalmente en los abedules de climas fr\u00edos, como Rusia, Canad\u00e1 y el norte de Europa. No tiene la t\u00edpica forma de hongo \u201ccon sombrero\u201d; m\u00e1s bien parece un trozo de carb\u00f3n negro rugoso en el tronco de los \u00e1rboles, con un interior naranja. Propiedades y beneficios: Antioxidante potente: [&hellip;]<\/p>\n","protected":false},"featured_media":1275,"comment_status":"open","ping_status":"closed","template":"","meta":{"_acf_changed":false},"product_brand":[],"product_cat":[26,27],"product_tag":[],"class_list":{"0":"post-1289","1":"product","2":"type-product","3":"status-publish","4":"has-post-thumbnail","6":"product_cat-sistema-inmunologico","7":"product_cat-antienvejecimiento-y-belleza","8":"product_shipping_class-clasica-individual","10":"first","11":"instock","12":"taxable","13":"shipping-taxable","14":"purchasable","15":"product-type-simple"},"acf":[],"_links":{"self":[{"href":"https:\/\/yanai.com.ar\/index.php?rest_route=\/wp\/v2\/product\/1289","targetHints":{"allow":["GET"]}}],"collection":[{"href":"https:\/\/yanai.com.ar\/index.php?rest_route=\/wp\/v2\/product"}],"about":[{"href":"https:\/\/yanai.com.ar\/index.php?rest_route=\/wp\/v2\/types\/product"}],"replies":[{"embeddable":true,"href":"https:\/\/yanai.com.ar\/index.php?rest_route=%2Fwp%2Fv2%2Fcomments&post=1289"}],"wp:featuredmedia":[{"embeddable":true,"href":"https:\/\/yanai.com.ar\/index.php?rest_route=\/wp\/v2\/media\/1275"}],"wp:attachment":[{"href":"https:\/\/yanai.com.ar\/index.php?rest_route=%2Fwp%2Fv2%2Fmedia&parent=1289"}],"wp:term":[{"taxonomy":"product_brand","embeddable":true,"href":"https:\/\/yanai.com.ar\/index.php?rest_route=%2Fwp%2Fv2%2Fproduct_brand&post=1289"},{"taxonomy":"product_cat","embeddable":true,"href":"https:\/\/yanai.com.ar\/index.php?rest_route=%2Fwp%2Fv2%2Fproduct_cat&post=1289"},{"taxonomy":"product_tag","embeddable":true,"href":"https:\/\/yanai.com.ar\/index.php?rest_route=%2Fwp%2Fv2%2Fproduct_tag&post=1289"}],"curies":[{"name":"wp","href":"https:\/\/api.w.org\/{rel}","templated":true}]}}