{"id":1287,"date":"2025-09-24T13:41:25","date_gmt":"2025-09-24T16:41:25","guid":{"rendered":"https:\/\/yanai.com.ar\/newsite\/?post_type=product&#038;p=1287"},"modified":"2025-11-25T18:44:10","modified_gmt":"2025-11-25T21:44:10","slug":"cola-de-pavo","status":"publish","type":"product","link":"https:\/\/yanai.com.ar\/?product=cola-de-pavo","title":{"rendered":"Cola de Pavo"},"content":{"rendered":"<p data-start=\"2858\" data-end=\"3013\">Hongo multicolor en forma de abanico, rico en polisac\u00e1ridos PSK y PSP, con fuerte acci\u00f3n inmunomoduladora.<\/p>\n<p data-start=\"2858\" data-end=\"3013\"><strong data-start=\"2984\" data-end=\"3011\">Beneficios principales:<\/strong><\/p>\n<ul data-start=\"3014\" data-end=\"3343\">\n<li data-start=\"3014\" data-end=\"3045\">\n<p data-start=\"3016\" data-end=\"3045\">Refuerza el sistema inmune.<\/p>\n<\/li>\n<li data-start=\"3046\" data-end=\"3099\">\n<p data-start=\"3048\" data-end=\"3099\">Promueve la salud intestinal (efecto prebi\u00f3tico).<\/p>\n<\/li>\n<li data-start=\"3100\" data-end=\"3125\">\n<p data-start=\"3102\" data-end=\"3125\">Potente antioxidante.<\/p>\n<\/li>\n<li data-start=\"3126\" data-end=\"3165\">\n<p data-start=\"3128\" data-end=\"3165\">Apoyo en terapias contra el c\u00e1ncer.<\/p>\n<\/li>\n<li data-start=\"3166\" data-end=\"3198\">\n<p data-start=\"3168\" data-end=\"3198\">Salud hep\u00e1tica y metab\u00f3lica.<\/p>\n<\/li>\n<li data-start=\"3199\" data-end=\"3343\">\n<p data-start=\"3201\" data-end=\"3343\">Posible efecto contra VPH.<\/p>\n<\/li>\n<\/ul>\n<p data-start=\"3201\" data-end=\"3343\"><br data-start=\"3227\" data-end=\"3230\" \/><strong data-start=\"3230\" data-end=\"3259\">Dosificaci\u00f3n recomendada:<\/strong><\/p>\n<ul data-start=\"3014\" data-end=\"3343\">\n<li data-start=\"3199\" data-end=\"3343\">\n<p data-start=\"3201\" data-end=\"3343\">30 a 60 gotas diarias diluidas en agua (dos veces al d\u00eda). Conservar en heladera.<\/p>\n<\/li>\n<\/ul>\n","protected":false},"excerpt":{"rendered":"<p>Hongo multicolor en forma de abanico, rico en polisac\u00e1ridos PSK y PSP, con fuerte acci\u00f3n inmunomoduladora. Beneficios principales: Refuerza el sistema inmune. Promueve la salud intestinal (efecto prebi\u00f3tico). Potente antioxidante. Apoyo en terapias contra el c\u00e1ncer. Salud hep\u00e1tica y metab\u00f3lica. Posible efecto contra VPH. Dosificaci\u00f3n recomendada: 30 a 60 gotas diarias diluidas en agua (dos [&hellip;]<\/p>\n","protected":false},"featured_media":1276,"comment_status":"open","ping_status":"closed","template":"","meta":{"_acf_changed":false},"product_brand":[],"product_cat":[25,29],"product_tag":[],"class_list":{"0":"post-1287","1":"product","2":"type-product","3":"status-publish","4":"has-post-thumbnail","6":"product_cat-energia-y-rendimiento-fisico","7":"product_cat-adaptogenos-y-equilibrio-general","8":"product_shipping_class-clasica-individual","10":"first","11":"instock","12":"taxable","13":"shipping-taxable","14":"purchasable","15":"product-type-simple"},"acf":[],"_links":{"self":[{"href":"https:\/\/yanai.com.ar\/index.php?rest_route=\/wp\/v2\/product\/1287","targetHints":{"allow":["GET"]}}],"collection":[{"href":"https:\/\/yanai.com.ar\/index.php?rest_route=\/wp\/v2\/product"}],"about":[{"href":"https:\/\/yanai.com.ar\/index.php?rest_route=\/wp\/v2\/types\/product"}],"replies":[{"embeddable":true,"href":"https:\/\/yanai.com.ar\/index.php?rest_route=%2Fwp%2Fv2%2Fcomments&post=1287"}],"wp:featuredmedia":[{"embeddable":true,"href":"https:\/\/yanai.com.ar\/index.php?rest_route=\/wp\/v2\/media\/1276"}],"wp:attachment":[{"href":"https:\/\/yanai.com.ar\/index.php?rest_route=%2Fwp%2Fv2%2Fmedia&parent=1287"}],"wp:term":[{"taxonomy":"product_brand","embeddable":true,"href":"https:\/\/yanai.com.ar\/index.php?rest_route=%2Fwp%2Fv2%2Fproduct_brand&post=1287"},{"taxonomy":"product_cat","embeddable":true,"href":"https:\/\/yanai.com.ar\/index.php?rest_route=%2Fwp%2Fv2%2Fproduct_cat&post=1287"},{"taxonomy":"product_tag","embeddable":true,"href":"https:\/\/yanai.com.ar\/index.php?rest_route=%2Fwp%2Fv2%2Fproduct_tag&post=1287"}],"curies":[{"name":"wp","href":"https:\/\/api.w.org\/{rel}","templated":true}]}}