{"id":1286,"date":"2025-09-24T13:39:07","date_gmt":"2025-09-24T16:39:07","guid":{"rendered":"https:\/\/yanai.com.ar\/newsite\/?post_type=product&#038;p=1286"},"modified":"2025-11-25T18:44:40","modified_gmt":"2025-11-25T21:44:40","slug":"maitake","status":"publish","type":"product","link":"https:\/\/yanai.com.ar\/?product=maitake","title":{"rendered":"Maitake"},"content":{"rendered":"<p data-start=\"2606\" data-end=\"2835\">Conocido tambi\u00e9n como \u201chen of the woods\u201d. Hongo medicinal con larga tradici\u00f3n en Asia por sus propiedades inmunomoduladoras, adapt\u00f3genas y beneficios metab\u00f3licos.<\/p>\n<p data-start=\"2837\" data-end=\"2879\"><strong data-start=\"2837\" data-end=\"2877\">Composici\u00f3n y nutrientes destacados:<\/strong><\/p>\n<ul data-start=\"2880\" data-end=\"3162\">\n<li data-start=\"2880\" data-end=\"3052\">\n<p data-start=\"2882\" data-end=\"3052\">Pol\u00edmeros como \u03b2-glucanos, fracciones espec\u00edficas como D-fraction, MD-fraction, SX-fraction, con actividad inmune y antitumoral.<\/p>\n<\/li>\n<li data-start=\"3053\" data-end=\"3162\">\n<p data-start=\"3055\" data-end=\"3162\">Vitaminas B, C, minerales (cobre, potasio), fibra, antioxidantes.<\/p>\n<\/li>\n<\/ul>\n<p data-start=\"3164\" data-end=\"3205\"><strong data-start=\"3164\" data-end=\"3203\">Beneficios con respaldo cient\u00edfico:<\/strong><\/p>\n<ul data-start=\"3206\" data-end=\"3754\">\n<li data-start=\"3206\" data-end=\"3333\">\n<p data-start=\"3208\" data-end=\"3333\">Apoyo al sistema inmune: estimula producci\u00f3n de interleucinas y mediadores inmunes.<\/p>\n<\/li>\n<li data-start=\"3334\" data-end=\"3484\">\n<p data-start=\"3336\" data-end=\"3484\">Control metab\u00f3lico: puede ayudar a regular niveles de az\u00facar en sangre, reducir resistencia a la insulina.<\/p>\n<\/li>\n<li data-start=\"3485\" data-end=\"3608\">\n<p data-start=\"3487\" data-end=\"3608\">Mejora del perfil lip\u00eddico: reducci\u00f3n del colesterol LDL, apoyo cardiovascular.<\/p>\n<\/li>\n<li data-start=\"3609\" data-end=\"3754\">\n<p data-start=\"3611\" data-end=\"3754\">Actividad antioxidante y antiinflamatoria: combate estr\u00e9s oxidativo, ayuda en procesos inflamatorios.<\/p>\n<\/li>\n<\/ul>\n<p data-start=\"3756\" data-end=\"3787\"><strong data-start=\"3756\" data-end=\"3785\">Usos \/ formas de consumo:<\/strong><\/p>\n<ul data-start=\"3788\" data-end=\"3944\">\n<li data-start=\"3788\" data-end=\"3869\">\n<p data-start=\"3790\" data-end=\"3869\">En recetas culinarias, fresco o seco.<\/p>\n<\/li>\n<li data-start=\"3870\" data-end=\"3944\">\n<p data-start=\"3872\" data-end=\"3944\">Como suplemento (extracto, c\u00e1psulas) para salud metab\u00f3lica, inmunidad.<\/p>\n<\/li>\n<\/ul>\n<p data-start=\"4221\" data-end=\"4500\"><strong data-start=\"4221\" data-end=\"4250\">Dosificaci\u00f3n orientativa:<\/strong><br data-start=\"4250\" data-end=\"4253\" \/>Depende mucho de la concentraci\u00f3n del extracto. En estudios se usan fracciones como \u201cD-fraction\u201d con dosis espec\u00edficas, pero para tu web conviene que lo clarifiques seg\u00fan el producto que vendas (por ejemplo: cantidad de extracto est\u00e1ndar por d\u00eda).<\/p>\n","protected":false},"excerpt":{"rendered":"<p>Conocido tambi\u00e9n como \u201chen of the woods\u201d. Hongo medicinal con larga tradici\u00f3n en Asia por sus propiedades inmunomoduladoras, adapt\u00f3genas y beneficios metab\u00f3licos. Composici\u00f3n y nutrientes destacados: Pol\u00edmeros como \u03b2-glucanos, fracciones espec\u00edficas como D-fraction, MD-fraction, SX-fraction, con actividad inmune y antitumoral. Vitaminas B, C, minerales (cobre, potasio), fibra, antioxidantes. Beneficios con respaldo cient\u00edfico: Apoyo al sistema [&hellip;]<\/p>\n","protected":false},"featured_media":1277,"comment_status":"open","ping_status":"closed","template":"","meta":{"_acf_changed":false},"product_brand":[],"product_cat":[27,28],"product_tag":[],"class_list":{"0":"post-1286","1":"product","2":"type-product","3":"status-publish","4":"has-post-thumbnail","6":"product_cat-antienvejecimiento-y-belleza","7":"product_cat-alud-digestiva-y-metabolica","8":"product_shipping_class-clasica-individual","10":"first","11":"instock","12":"taxable","13":"shipping-taxable","14":"purchasable","15":"product-type-simple"},"acf":[],"_links":{"self":[{"href":"https:\/\/yanai.com.ar\/index.php?rest_route=\/wp\/v2\/product\/1286","targetHints":{"allow":["GET"]}}],"collection":[{"href":"https:\/\/yanai.com.ar\/index.php?rest_route=\/wp\/v2\/product"}],"about":[{"href":"https:\/\/yanai.com.ar\/index.php?rest_route=\/wp\/v2\/types\/product"}],"replies":[{"embeddable":true,"href":"https:\/\/yanai.com.ar\/index.php?rest_route=%2Fwp%2Fv2%2Fcomments&post=1286"}],"wp:featuredmedia":[{"embeddable":true,"href":"https:\/\/yanai.com.ar\/index.php?rest_route=\/wp\/v2\/media\/1277"}],"wp:attachment":[{"href":"https:\/\/yanai.com.ar\/index.php?rest_route=%2Fwp%2Fv2%2Fmedia&parent=1286"}],"wp:term":[{"taxonomy":"product_brand","embeddable":true,"href":"https:\/\/yanai.com.ar\/index.php?rest_route=%2Fwp%2Fv2%2Fproduct_brand&post=1286"},{"taxonomy":"product_cat","embeddable":true,"href":"https:\/\/yanai.com.ar\/index.php?rest_route=%2Fwp%2Fv2%2Fproduct_cat&post=1286"},{"taxonomy":"product_tag","embeddable":true,"href":"https:\/\/yanai.com.ar\/index.php?rest_route=%2Fwp%2Fv2%2Fproduct_tag&post=1286"}],"curies":[{"name":"wp","href":"https:\/\/api.w.org\/{rel}","templated":true}]}}