{"id":1285,"date":"2025-09-24T13:36:34","date_gmt":"2025-09-24T16:36:34","guid":{"rendered":"https:\/\/yanai.com.ar\/newsite\/?post_type=product&#038;p=1285"},"modified":"2025-11-25T18:45:22","modified_gmt":"2025-11-25T21:45:22","slug":"reishi","status":"publish","type":"product","link":"https:\/\/yanai.com.ar\/?product=reishi","title":{"rendered":"Reishi"},"content":{"rendered":"<p data-start=\"911\" data-end=\"1092\">Hongo medicinal tradicional, rico en \u03b2-glucanos y triterpenos, con efectos sobre la inmunidad, el estr\u00e9s oxidativo y la inflamaci\u00f3n.<\/p>\n<p data-start=\"911\" data-end=\"1092\"><strong data-start=\"1063\" data-end=\"1090\">Beneficios principales:<\/strong><\/p>\n<ul data-start=\"1093\" data-end=\"1493\">\n<li data-start=\"1093\" data-end=\"1125\">\n<p data-start=\"1095\" data-end=\"1125\">Fortalece el sistema inmune.<\/p>\n<\/li>\n<li data-start=\"1126\" data-end=\"1160\">\n<p data-start=\"1128\" data-end=\"1160\">Reduce la inflamaci\u00f3n cr\u00f3nica.<\/p>\n<\/li>\n<li data-start=\"1161\" data-end=\"1186\">\n<p data-start=\"1163\" data-end=\"1186\">Potente antioxidante.<\/p>\n<\/li>\n<li data-start=\"1187\" data-end=\"1232\">\n<p data-start=\"1189\" data-end=\"1232\">Mejora la energ\u00eda y el manejo del estr\u00e9s.<\/p>\n<\/li>\n<li data-start=\"1233\" data-end=\"1260\">\n<p data-start=\"1235\" data-end=\"1260\">Efecto hepatoprotector.<\/p>\n<\/li>\n<li data-start=\"1261\" data-end=\"1308\">\n<p data-start=\"1263\" data-end=\"1308\">Ayuda al metabolismo (colesterol, glucosa).<\/p>\n<\/li>\n<li data-start=\"1309\" data-end=\"1493\">\n<p data-start=\"1311\" data-end=\"1493\">Complemento en tratamientos oncol\u00f3gicos (no sustituye terapias m\u00e9dicas).<\/p>\n<\/li>\n<\/ul>\n<p data-start=\"1311\" data-end=\"1493\"><br data-start=\"1383\" data-end=\"1386\" \/><strong data-start=\"1386\" data-end=\"1415\">Dosificaci\u00f3n recomendada:<\/strong><\/p>\n<ul data-start=\"1093\" data-end=\"1493\">\n<li data-start=\"1309\" data-end=\"1493\">\n<p data-start=\"1311\" data-end=\"1493\">30 a 60 gotas diarias diluidas en agua por la noche. Conservar en heladera.<\/p>\n<\/li>\n<\/ul>\n","protected":false},"excerpt":{"rendered":"<p>Hongo medicinal tradicional, rico en \u03b2-glucanos y triterpenos, con efectos sobre la inmunidad, el estr\u00e9s oxidativo y la inflamaci\u00f3n. Beneficios principales: Fortalece el sistema inmune. Reduce la inflamaci\u00f3n cr\u00f3nica. Potente antioxidante. Mejora la energ\u00eda y el manejo del estr\u00e9s. Efecto hepatoprotector. Ayuda al metabolismo (colesterol, glucosa). Complemento en tratamientos oncol\u00f3gicos (no sustituye terapias m\u00e9dicas). Dosificaci\u00f3n [&hellip;]<\/p>\n","protected":false},"featured_media":1282,"comment_status":"open","ping_status":"closed","template":"","meta":{"_acf_changed":false},"product_brand":[],"product_cat":[26],"product_tag":[],"class_list":{"0":"post-1285","1":"product","2":"type-product","3":"status-publish","4":"has-post-thumbnail","6":"product_cat-sistema-inmunologico","7":"product_shipping_class-clasica-individual","9":"first","10":"instock","11":"taxable","12":"shipping-taxable","13":"purchasable","14":"product-type-simple"},"acf":[],"_links":{"self":[{"href":"https:\/\/yanai.com.ar\/index.php?rest_route=\/wp\/v2\/product\/1285","targetHints":{"allow":["GET"]}}],"collection":[{"href":"https:\/\/yanai.com.ar\/index.php?rest_route=\/wp\/v2\/product"}],"about":[{"href":"https:\/\/yanai.com.ar\/index.php?rest_route=\/wp\/v2\/types\/product"}],"replies":[{"embeddable":true,"href":"https:\/\/yanai.com.ar\/index.php?rest_route=%2Fwp%2Fv2%2Fcomments&post=1285"}],"wp:featuredmedia":[{"embeddable":true,"href":"https:\/\/yanai.com.ar\/index.php?rest_route=\/wp\/v2\/media\/1282"}],"wp:attachment":[{"href":"https:\/\/yanai.com.ar\/index.php?rest_route=%2Fwp%2Fv2%2Fmedia&parent=1285"}],"wp:term":[{"taxonomy":"product_brand","embeddable":true,"href":"https:\/\/yanai.com.ar\/index.php?rest_route=%2Fwp%2Fv2%2Fproduct_brand&post=1285"},{"taxonomy":"product_cat","embeddable":true,"href":"https:\/\/yanai.com.ar\/index.php?rest_route=%2Fwp%2Fv2%2Fproduct_cat&post=1285"},{"taxonomy":"product_tag","embeddable":true,"href":"https:\/\/yanai.com.ar\/index.php?rest_route=%2Fwp%2Fv2%2Fproduct_tag&post=1285"}],"curies":[{"name":"wp","href":"https:\/\/api.w.org\/{rel}","templated":true}]}}