{"id":1240,"date":"2025-09-24T11:52:19","date_gmt":"2025-09-24T14:52:19","guid":{"rendered":"https:\/\/yanai.com.ar\/newsite\/?post_type=product&#038;p=1240"},"modified":"2025-11-25T18:46:24","modified_gmt":"2025-11-25T21:46:24","slug":"melena-de-leon","status":"publish","type":"product","link":"https:\/\/yanai.com.ar\/?product=melena-de-leon","title":{"rendered":"Melena de Le\u00f3n"},"content":{"rendered":"<p data-start=\"157\" data-end=\"403\">Hongo adapt\u00f3geno con propiedades neuroregenerativas gracias a compuestos como las hericenonas y erinacinas, capaces de atravesar la barrera hematoencef\u00e1lica y estimular el sistema nervioso central.<\/p>\n<p data-start=\"157\" data-end=\"403\"><strong data-start=\"374\" data-end=\"401\">Beneficios principales:<\/strong><\/p>\n<ul data-start=\"404\" data-end=\"864\">\n<li data-start=\"404\" data-end=\"469\">\n<p data-start=\"406\" data-end=\"469\">Estimula la regeneraci\u00f3n y reparaci\u00f3n neuronal (produce NGF).<\/p>\n<\/li>\n<li data-start=\"470\" data-end=\"527\">\n<p data-start=\"472\" data-end=\"527\">Mejora memoria, concentraci\u00f3n y funciones cognitivas.<\/p>\n<\/li>\n<li data-start=\"528\" data-end=\"572\">\n<p data-start=\"530\" data-end=\"572\">Antioxidante y antiinflamatorio natural.<\/p>\n<\/li>\n<li data-start=\"573\" data-end=\"610\">\n<p data-start=\"575\" data-end=\"610\">Refuerza el sistema inmunol\u00f3gico.<\/p>\n<\/li>\n<li data-start=\"611\" data-end=\"646\">\n<p data-start=\"613\" data-end=\"646\">Reduce el estr\u00e9s y la ansiedad.<\/p>\n<\/li>\n<li data-start=\"647\" data-end=\"699\">\n<p data-start=\"649\" data-end=\"699\">Ayuda a la salud digestiva (gastritis, \u00falceras).<\/p>\n<\/li>\n<li data-start=\"700\" data-end=\"864\">\n<p data-start=\"702\" data-end=\"864\">Neuroprotecci\u00f3n frente a Alzheimer y Parkinson.<\/p>\n<\/li>\n<\/ul>\n<p data-start=\"702\" data-end=\"864\"><br data-start=\"749\" data-end=\"752\" \/><strong data-start=\"752\" data-end=\"781\">Dosificaci\u00f3n recomendada:<\/strong><\/p>\n<ul>\n<li data-start=\"702\" data-end=\"864\">30 a 60 gotas diarias diluidas en agua (ma\u00f1ana y siesta). Conservar en heladera.<\/li>\n<\/ul>\n","protected":false},"excerpt":{"rendered":"<p>Hongo adapt\u00f3geno con propiedades neuroregenerativas gracias a compuestos como las hericenonas y erinacinas, capaces de atravesar la barrera hematoencef\u00e1lica y estimular el sistema nervioso central. Beneficios principales: Estimula la regeneraci\u00f3n y reparaci\u00f3n neuronal (produce NGF). Mejora memoria, concentraci\u00f3n y funciones cognitivas. Antioxidante y antiinflamatorio natural. Refuerza el sistema inmunol\u00f3gico. Reduce el estr\u00e9s y la ansiedad. [&hellip;]<\/p>\n","protected":false},"featured_media":1241,"comment_status":"open","ping_status":"closed","template":"","meta":{"_acf_changed":false},"product_brand":[],"product_cat":[24],"product_tag":[],"class_list":{"0":"post-1240","1":"product","2":"type-product","3":"status-publish","4":"has-post-thumbnail","6":"product_cat-salud-mental-y-cognitiva","7":"product_shipping_class-clasica-individual","9":"first","10":"instock","11":"taxable","12":"shipping-taxable","13":"purchasable","14":"product-type-simple"},"acf":[],"_links":{"self":[{"href":"https:\/\/yanai.com.ar\/index.php?rest_route=\/wp\/v2\/product\/1240","targetHints":{"allow":["GET"]}}],"collection":[{"href":"https:\/\/yanai.com.ar\/index.php?rest_route=\/wp\/v2\/product"}],"about":[{"href":"https:\/\/yanai.com.ar\/index.php?rest_route=\/wp\/v2\/types\/product"}],"replies":[{"embeddable":true,"href":"https:\/\/yanai.com.ar\/index.php?rest_route=%2Fwp%2Fv2%2Fcomments&post=1240"}],"wp:featuredmedia":[{"embeddable":true,"href":"https:\/\/yanai.com.ar\/index.php?rest_route=\/wp\/v2\/media\/1241"}],"wp:attachment":[{"href":"https:\/\/yanai.com.ar\/index.php?rest_route=%2Fwp%2Fv2%2Fmedia&parent=1240"}],"wp:term":[{"taxonomy":"product_brand","embeddable":true,"href":"https:\/\/yanai.com.ar\/index.php?rest_route=%2Fwp%2Fv2%2Fproduct_brand&post=1240"},{"taxonomy":"product_cat","embeddable":true,"href":"https:\/\/yanai.com.ar\/index.php?rest_route=%2Fwp%2Fv2%2Fproduct_cat&post=1240"},{"taxonomy":"product_tag","embeddable":true,"href":"https:\/\/yanai.com.ar\/index.php?rest_route=%2Fwp%2Fv2%2Fproduct_tag&post=1240"}],"curies":[{"name":"wp","href":"https:\/\/api.w.org\/{rel}","templated":true}]}}